{"id":5892,"date":"2019-02-23T23:54:32","date_gmt":"2019-02-23T23:54:32","guid":{"rendered":"https:\/\/www.portugalventures.pt\/about-us\/acionistas-e-orgaos-sociais\/"},"modified":"2025-12-23T11:30:59","modified_gmt":"2025-12-23T10:30:59","slug":"shareholders-and-governing-bodies","status":"publish","type":"page","link":"https:\/\/www.portugalventures.pt\/en\/about-us\/shareholders-and-governing-bodies\/","title":{"rendered":"Shareholders and Governing Bodies"},"content":{"rendered":"<div class=\"wpb-content-wrapper\"><p>[vc_row][vc_column][vc_column_text]<\/p>\n<p style=\"text-align: justify;\">Portugal Ventures\u2019 shareholder structure includes both public and private entities that are committed to promoting entrepreneurial competitiveness and growth, providing support in the design, implementation and assessment of policies for industrial activities and thus fostering innovation, entrepreneurship and investment.<\/p>\n<p>[\/vc_column_text][\/vc_column][\/vc_row][vc_row lg_spacing=&#8221;margin_bottom:35&#8243;][vc_column][tm_spacer size=&#8221;lg:50&#8243;][vc_column_text]<\/p>\n<h2 style=\"text-align: center;\">Shareholders<\/h2>\n<p>[\/vc_column_text][\/vc_column][\/vc_row][vc_row lg_spacing=&#8221;margin_bottom:35&#8243;][vc_column width=&#8221;1\/4&#8243;][tm_image align=&#8221;center&#8221; image=&#8221;11218&#8243; lg_spacing=&#8221;margin_bottom:10&#8243;][vc_column_text]<\/p>\n<p style=\"text-align: center;\"><a href=\"https:\/\/www.bpfomento.pt\/pt\/\" target=\"_blank\" rel=\"noopener noreferrer\">Banco Portugu\u00eas de Fomento<\/a><\/p>\n<p>[\/vc_column_text][vc_separator color=&#8221;green&#8221; el_width=&#8221;20&#8243; css=&#8221;&#8221;][vc_column_text css=&#8221;&#8221;]<\/p>\n<p style=\"text-align: center;\"><span style=\"color: #6cb33f;\">79,94%<\/span><\/p>\n<p>[\/vc_column_text][\/vc_column][vc_column width=&#8221;1\/4&#8243;][tm_image align=&#8221;center&#8221; image=&#8221;5732&#8243; lg_spacing=&#8221;margin_bottom:10&#8243;][vc_column_text]<\/p>\n<p style=\"text-align: center;\"><a href=\"https:\/\/ind.millenniumbcp.pt\/pt\/particulares\/Pages\/Welcome.aspx\" target=\"_blank\" rel=\"noopener noreferrer\">Banco Comercial Portugu\u00eas<\/a><\/p>\n<p>[\/vc_column_text][vc_separator color=&#8221;green&#8221; el_width=&#8221;20&#8243; css=&#8221;&#8221;][vc_column_text css=&#8221;&#8221;]<\/p>\n<p style=\"text-align: center;\"><span style=\"color: #6cb33f;\">6,27%<\/span><\/p>\n<p>[\/vc_column_text][\/vc_column][vc_column width=&#8221;1\/4&#8243;][tm_image align=&#8221;center&#8221; image=&#8221;5720&#8243; lg_spacing=&#8221;margin_bottom:10&#8243;][vc_column_text]<\/p>\n<p style=\"text-align: center;\"><a href=\"https:\/\/www.bancobpi.pt\/particulares\" target=\"_blank\" rel=\"noopener noreferrer\">Banco BPI<\/a><\/p>\n<p>[\/vc_column_text][vc_separator color=&#8221;green&#8221; el_width=&#8221;20&#8243; css=&#8221;&#8221;][vc_column_text css=&#8221;&#8221;]<\/p>\n<p style=\"text-align: center;\"><span style=\"color: #6cb33f;\">6,19%<\/span><\/p>\n<p>[\/vc_column_text][\/vc_column][vc_column width=&#8221;1\/4&#8243;][tm_image align=&#8221;center&#8221; image=&#8221;5736&#8243; lg_spacing=&#8221;margin_bottom:10&#8243;][vc_column_text]<\/p>\n<p style=\"text-align: center;\"><a href=\"https:\/\/www.novobanco.pt\/site\/\" target=\"_blank\" rel=\"noopener noreferrer\">Novo Banco<\/a><\/p>\n<p>[\/vc_column_text][vc_separator color=&#8221;green&#8221; el_width=&#8221;20&#8243; css=&#8221;&#8221;][vc_column_text css=&#8221;&#8221;]<\/p>\n<p style=\"text-align: center;\"><span style=\"color: #6cb33f;\">3,78%<\/span><\/p>\n<p>[\/vc_column_text][\/vc_column][\/vc_row][vc_row lg_spacing=&#8221;margin_bottom:35&#8243;][vc_column width=&#8221;1\/4&#8243;][tm_image align=&#8221;center&#8221; image=&#8221;5722&#8243; lg_spacing=&#8221;margin_bottom:10&#8243;][vc_column_text]<\/p>\n<p style=\"text-align: center;\"><a href=\"https:\/\/www.santandertotta.pt\/pt_PT\/Particulares.html\" target=\"_blank\" rel=\"noopener noreferrer\">Banco Santander Totta<\/a><\/p>\n<p>[\/vc_column_text][vc_separator color=&#8221;green&#8221; el_width=&#8221;20&#8243; css=&#8221;&#8221;][vc_column_text css=&#8221;&#8221;]<\/p>\n<p style=\"text-align: center;\"><span style=\"color: #6cb33f;\">2,50%<\/span><\/p>\n<p>[\/vc_column_text][\/vc_column][vc_column width=&#8221;1\/4&#8243;][tm_image align=&#8221;center&#8221; image=&#8221;5740&#8243; lg_spacing=&#8221;margin_bottom:10&#8243;][vc_column_text]<\/p>\n<p style=\"text-align: center;\"><a href=\"https:\/\/www.galp.com\/corp\/pt\/\" target=\"_blank\" rel=\"noopener noreferrer\">Petrogal SA<\/a><\/p>\n<p>[\/vc_column_text][vc_separator color=&#8221;green&#8221; el_width=&#8221;20&#8243; css=&#8221;&#8221;][vc_column_text css=&#8221;&#8221;]<\/p>\n<p style=\"text-align: center;\"><span style=\"color: #6cb33f;\">1,25%<\/span><\/p>\n<p>[\/vc_column_text][\/vc_column][vc_column width=&#8221;1\/4&#8243;][tm_image align=&#8221;center&#8221; image=&#8221;11692&#8243; lg_spacing=&#8221;margin_bottom:10&#8243;][vc_column_text]<\/p>\n<p style=\"text-align: center;\"><a href=\"https:\/\/ww6.generali.pt\/generali\/pt\/\" target=\"_blank\" rel=\"noopener noreferrer\">Generali Seguros<\/a><\/p>\n<p>[\/vc_column_text][vc_separator color=&#8221;green&#8221; el_width=&#8221;20&#8243; css=&#8221;&#8221;][vc_column_text css=&#8221;&#8221;]<\/p>\n<p style=\"text-align: center;\"><span style=\"color: #6cb33f;\">0,03%<\/span><\/p>\n<p>[\/vc_column_text][\/vc_column][vc_column width=&#8221;1\/4&#8243;][tm_image align=&#8221;center&#8221; lg_spacing=&#8221;margin_bottom:10&#8243; image=&#8221;16782&#8243;][vc_column_text css=&#8221;&#8221;]<\/p>\n<p style=\"text-align: center;\"><a href=\"https:\/\/parvalorem.pt\/\">Parvalorem, S.A.<\/a><\/p>\n<p>[\/vc_column_text][vc_separator color=&#8221;green&#8221; el_width=&#8221;20&#8243; css=&#8221;&#8221;][vc_column_text css=&#8221;&#8221;]<\/p>\n<p style=\"text-align: center;\"><span style=\"color: #6cb33f;\">0,01%<\/span><\/p>\n<p>[\/vc_column_text][\/vc_column][\/vc_row][vc_row lg_spacing=&#8221;margin_bottom:35&#8243;][vc_column width=&#8221;1\/4&#8243;][tm_image align=&#8221;center&#8221; image=&#8221;5734&#8243; lg_spacing=&#8221;margin_bottom:10&#8243;][vc_column_text]<\/p>\n<p style=\"text-align: center;\"><a href=\"https:\/\/www.bancomontepio.pt\/institucional\/banco-montepio\" target=\"_blank\" rel=\"noopener noreferrer\">Montepio Holding, SGPS, SA<\/a><\/p>\n<p>[\/vc_column_text][vc_separator color=&#8221;green&#8221; el_width=&#8221;20&#8243; css=&#8221;&#8221;][vc_column_text css=&#8221;&#8221;]<\/p>\n<p style=\"text-align: center;\"><span style=\"color: #6cb33f;\">0,01%<\/span><\/p>\n<p>[\/vc_column_text][\/vc_column][vc_column width=&#8221;1\/4&#8243;][tm_image image_size=&#8221;custom&#8221; align=&#8221;center&#8221; image=&#8221;17324&#8243; lg_spacing=&#8221;margin_bottom:10;padding_top:30;padding_right:30;padding_bottom:10;padding_left:30&#8243; image_size_width=&#8221;500&#8243;][vc_column_text css=&#8221;&#8221;]<\/p>\n<p style=\"text-align: center;\"><a href=\"https:\/\/www.abanca.pt\/pt\/ola\/\" target=\"_blank\" rel=\"noopener noreferrer\">ABANCA<\/a><\/p>\n<p>[\/vc_column_text][vc_separator color=&#8221;green&#8221; el_width=&#8221;20&#8243; css=&#8221;&#8221;][vc_column_text css=&#8221;&#8221;]<\/p>\n<p style=\"text-align: center;\"><span style=\"color: #6cb33f;\">0,01%<\/span><\/p>\n<p>[\/vc_column_text][\/vc_column][vc_column width=&#8221;1\/4&#8243;][\/vc_column][\/vc_row][vc_row lg_spacing=&#8221;margin_top:30;margin_bottom:30&#8243;][vc_column][tm_spacer size=&#8221;lg:45&#8243;][vc_separator style=&#8221;dashed&#8221;][\/vc_column][\/vc_row][vc_row][vc_column][vc_column_text]<\/p>\n<h2 style=\"text-align: center;\">Shareholder\u2019s General Meeting<\/h2>\n<p>[\/vc_column_text][tm_spacer size=&#8221;lg:15&#8243;][vc_column_text css=&#8221;&#8221;]<\/p>\n<p style=\"text-align: center;\">President<br \/>\nSara Alexandra Ribeiro Pereira Sim\u00f5es Duarte<br \/>\nSecretary<br \/>\nAna Rita Moreira Ribeiro<\/p>\n<p>[\/vc_column_text][\/vc_column][\/vc_row][vc_row lg_spacing=&#8221;margin_top:30;margin_bottom:30&#8243;][vc_column][tm_spacer size=&#8221;lg:45&#8243;][vc_separator style=&#8221;dashed&#8221;][\/vc_column][\/vc_row][vc_row][vc_column][vc_column_text css=&#8221;&#8221;]<\/p>\n<h2 style=\"text-align: center;\">Board of Directors<\/h2>\n<p>[\/vc_column_text][tm_spacer size=&#8221;lg:15&#8243;][vc_column_text css=&#8221;&#8221;]<\/p>\n<p style=\"text-align: center;\">President<br \/>\nMarco Paulo Salvado Neves<\/p>\n<p style=\"text-align: center;\">Vice-President<br \/>\nJo\u00e3o Paulo Dias Miranda<\/p>\n<p style=\"text-align: center;\">Member<br \/>\nAna Carla da Silva Seguro Areias<\/p>\n<p>[\/vc_column_text][\/vc_column][\/vc_row][vc_row lg_spacing=&#8221;margin_top:30;margin_bottom:30&#8243;][vc_column][tm_spacer size=&#8221;lg:45&#8243;][vc_separator style=&#8221;dashed&#8221;][\/vc_column][\/vc_row][vc_row lg_spacing=&#8221;margin_top:30;margin_bottom:30&#8243;][vc_column][vc_column_text]<\/p>\n<h2 style=\"text-align: center;\">Supervisory Board<\/h2>\n<p>[\/vc_column_text][tm_spacer size=&#8221;lg:15&#8243;][vc_column_text]<\/p>\n<p style=\"text-align: center;\">President<br \/>\n<a href=\"https:\/\/www.portugalventures.pt\/wp-content\/uploads\/2022\/05\/CV_Presidente-CF_AS.pdf\" target=\"_blank\" rel=\"noopener noreferrer\">Ana Sofia Ferreira Pires da Silva<\/a><\/p>\n<p style=\"text-align: center;\">Member<br \/>\n<a href=\"https:\/\/www.portugalventures.pt\/wp-content\/uploads\/2022\/05\/CV_Vogal-CF_AA.pdf\" target=\"_blank\" rel=\"noopener noreferrer\">Ant\u00f3nio Henrique Gomes de Almeida<\/a><\/p>\n<p style=\"text-align: center;\">Member<br \/>\nSantos Carvalho &amp; Associados SROC, SA represented by <a href=\"https:\/\/www.portugalventures.pt\/wp-content\/uploads\/2022\/05\/CV_Vogal-CF_AM.pdf\" target=\"_blank\" rel=\"noopener noreferrer\">Andr\u00e9 Miguel Andrade e Silva Junqueira Mendon\u00e7a<\/a><\/p>\n<p style=\"text-align: center;\">Alternate<br \/>\n<a href=\"https:\/\/www.portugalventures.pt\/wp-content\/uploads\/2022\/05\/CV_Vogal-supelente-CF_JS.pdf\" target=\"_blank\" rel=\"noopener noreferrer\">Jos\u00e9 Ant\u00f3nio Fraga de Sousa<\/a><\/p>\n<p>[\/vc_column_text][\/vc_column][\/vc_row][vc_row lg_spacing=&#8221;margin_top:30;margin_bottom:30&#8243;][vc_column][tm_spacer size=&#8221;lg:45&#8243;][vc_separator style=&#8221;dashed&#8221;][\/vc_column][\/vc_row][vc_row][vc_column][vc_column_text]<\/p>\n<h2 style=\"text-align: center;\">Statutory Auditor<\/h2>\n<p>[\/vc_column_text][tm_spacer size=&#8221;lg:20&#8243;][vc_column_text css=&#8221;&#8221;]<\/p>\n<p style=\"text-align: center;\">Sitting<strong><br \/>\n<a href=\"https:\/\/www.portugalventures.pt\/wp-content\/uploads\/2025\/11\/Elementos-curriculares-relevantes-do-Dr.-Antonio-Magalhaes.pdf\" target=\"_blank\" rel=\"noopener noreferrer\">Ant\u00f3nio Monteiro de Magalh\u00e3es<\/a><\/strong><br \/>\n(ROC N.\u00ba 179), on behalf of audit firm Ant\u00f3nio Magalh\u00e3es e Carlos Santos, SROC (SROC N.\u00ba 53)<\/p>\n<p>[\/vc_column_text][tm_spacer size=&#8221;lg:20&#8243;][vc_column_text]<\/p>\n<p style=\"text-align: center;\">Alternate<strong><br \/>\n<a href=\"https:\/\/www.portugalventures.pt\/wp-content\/uploads\/2019\/05\/CV-ROC-SUplente.pdf\" target=\"_blank\" rel=\"noopener noreferrer\">Guy Alberto Fernandes de Po\u00e7as Falc\u00e3o<\/a><\/strong><br \/>\n(ROC N.\u00ba 148), on behalf of audit firm \u00c1lvaro Falc\u00e3o e Associados, SROC (SROC N.\u00ba 62)<\/p>\n<p>[\/vc_column_text][tm_spacer size=&#8221;lg:45&#8243;][\/vc_column][\/vc_row][vc_row lg_spacing=&#8221;margin_top:30;margin_bottom:30&#8243;][vc_column][vc_separator align=&#8221;align_left&#8221; style=&#8221;dashed&#8221; el_width=&#8221;30&#8243; css=&#8221;&#8221;][tm_spacer size=&#8221;lg:20&#8243;][vc_column_text css=&#8221;&#8221;]<strong>Remuneration and other benefits of the Members of the Governing Bodies<\/strong><\/p>\n<p>Document with the remuneration earned by the members of the GB in 2024 and the list of benefits contained in the minutes of the AGM,<a href=\"https:\/\/www.portugalventures.pt\/wp-content\/uploads\/2025\/11\/Remuneracoes-e-outros-beneficios-dos-Membros-dos-Orgaos-Sociais-1.pdf\"> here<\/a>.[\/vc_column_text][\/vc_column][\/vc_row]<\/p>\n<\/div>","protected":false},"excerpt":{"rendered":"<p>[vc_row][vc_column][vc_column_text] Portugal Ventures\u2019 shareholder structure includes both public and private entities that are committed to promoting entrepreneurial competitiveness and growth, providing support in the design, implementation and assessment of policies for industrial activities and thus fostering innovation, entrepreneurship and investment. [\/vc_column_text][\/vc_column][\/vc_row][vc_row lg_spacing=&#8221;margin_bottom:35&#8243;][vc_column][tm_spacer size=&#8221;lg:50&#8243;][vc_column_text] Shareholders [\/vc_column_text][\/vc_column][\/vc_row][vc_row lg_spacing=&#8221;margin_bottom:35&#8243;][vc_column width=&#8221;1\/4&#8243;][tm_image align=&#8221;center&#8221; image=&#8221;11218&#8243; lg_spacing=&#8221;margin_bottom:10&#8243;][vc_column_text] Banco Portugu\u00eas de Fomento [\/vc_column_text][vc_separator color=&#8221;green&#8221; el_width=&#8221;20&#8243; css=&#8221;&#8221;][vc_column_text css=&#8221;&#8221;] 79,94% [\/vc_column_text][\/vc_column][vc_column width=&#8221;1\/4&#8243;][tm_image align=&#8221;center&#8221; image=&#8221;5732&#8243; lg_spacing=&#8221;margin_bottom:10&#8243;][vc_column_text] Banco Comercial Portugu\u00eas [\/vc_column_text][vc_separator color=&#8221;green&#8221; el_width=&#8221;20&#8243; css=&#8221;&#8221;][vc_column_text css=&#8221;&#8221;] 6,27% [\/vc_column_text][\/vc_column][vc_column width=&#8221;1\/4&#8243;][tm_image align=&#8221;center&#8221; image=&#8221;5720&#8243; lg_spacing=&#8221;margin_bottom:10&#8243;][vc_column_text] Banco BPI [\/vc_column_text][vc_separator color=&#8221;green&#8221; el_width=&#8221;20&#8243; css=&#8221;&#8221;][vc_column_text css=&#8221;&#8221;] 6,19% [\/vc_column_text][\/vc_column][vc_column width=&#8221;1\/4&#8243;][tm_image align=&#8221;center&#8221; image=&#8221;5736&#8243; lg_spacing=&#8221;margin_bottom:10&#8243;][vc_column_text] Novo Banco [\/vc_column_text][vc_separator color=&#8221;green&#8221; el_width=&#8221;20&#8243; css=&#8221;&#8221;][vc_column_text css=&#8221;&#8221;] 3,78% [\/vc_column_text][\/vc_column][\/vc_row][vc_row lg_spacing=&#8221;margin_bottom:35&#8243;][vc_column width=&#8221;1\/4&#8243;][tm_image align=&#8221;center&#8221; image=&#8221;5722&#8243; lg_spacing=&#8221;margin_bottom:10&#8243;][vc_column_text] Banco Santander Totta [\/vc_column_text][vc_separator color=&#8221;green&#8221; el_width=&#8221;20&#8243; css=&#8221;&#8221;][vc_column_text css=&#8221;&#8221;] 2,50% [\/vc_column_text][\/vc_column][vc_column width=&#8221;1\/4&#8243;][tm_image align=&#8221;center&#8221; image=&#8221;5740&#8243; lg_spacing=&#8221;margin_bottom:10&#8243;][vc_column_text] Petrogal SA [\/vc_column_text][vc_separator color=&#8221;green&#8221; el_width=&#8221;20&#8243; css=&#8221;&#8221;][vc_column_text css=&#8221;&#8221;] 1,25% [\/vc_column_text][\/vc_column][vc_column width=&#8221;1\/4&#8243;][tm_image align=&#8221;center&#8221; image=&#8221;11692&#8243; lg_spacing=&#8221;margin_bottom:10&#8243;][vc_column_text] Generali Seguros [\/vc_column_text][vc_separator color=&#8221;green&#8221; el_width=&#8221;20&#8243; css=&#8221;&#8221;][vc_column_text css=&#8221;&#8221;] 0,03% [\/vc_column_text][\/vc_column][vc_column width=&#8221;1\/4&#8243;][tm_image align=&#8221;center&#8221; lg_spacing=&#8221;margin_bottom:10&#8243; image=&#8221;16782&#8243;][vc_column_text css=&#8221;&#8221;] Parvalorem, S.A. [\/vc_column_text][vc_separator color=&#8221;green&#8221; el_width=&#8221;20&#8243; css=&#8221;&#8221;][vc_column_text css=&#8221;&#8221;] 0,01% [\/vc_column_text][\/vc_column][\/vc_row][vc_row lg_spacing=&#8221;margin_bottom:35&#8243;][vc_column width=&#8221;1\/4&#8243;][tm_image align=&#8221;center&#8221; image=&#8221;5734&#8243; lg_spacing=&#8221;margin_bottom:10&#8243;][vc_column_text] Montepio Holding, SGPS, SA [\/vc_column_text][vc_separator color=&#8221;green&#8221; el_width=&#8221;20&#8243; css=&#8221;&#8221;][vc_column_text css=&#8221;&#8221;] 0,01% [\/vc_column_text][\/vc_column][vc_column width=&#8221;1\/4&#8243;][tm_image image_size=&#8221;custom&#8221; align=&#8221;center&#8221; image=&#8221;17324&#8243; lg_spacing=&#8221;margin_bottom:10;padding_top:30;padding_right:30;padding_bottom:10;padding_left:30&#8243; image_size_width=&#8221;500&#8243;][vc_column_text css=&#8221;&#8221;] ABANCA [\/vc_column_text][vc_separator color=&#8221;green&#8221; el_width=&#8221;20&#8243; css=&#8221;&#8221;][vc_column_text css=&#8221;&#8221;] 0,01% [\/vc_column_text][\/vc_column][vc_column width=&#8221;1\/4&#8243;][\/vc_column][\/vc_row][vc_row lg_spacing=&#8221;margin_top:30;margin_bottom:30&#8243;][vc_column][tm_spacer size=&#8221;lg:45&#8243;][vc_separator style=&#8221;dashed&#8221;][\/vc_column][\/vc_row][vc_row][vc_column][vc_column_text] Shareholder\u2019s General Meeting [\/vc_column_text][tm_spacer size=&#8221;lg:15&#8243;][vc_column_text css=&#8221;&#8221;] President Sara Alexandra Ribeiro Pereira Sim\u00f5es Duarte Secretary Ana Rita Moreira Ribeiro [\/vc_column_text][\/vc_column][\/vc_row][vc_row lg_spacing=&#8221;margin_top:30;margin_bottom:30&#8243;][vc_column][tm_spacer size=&#8221;lg:45&#8243;][vc_separator style=&#8221;dashed&#8221;][\/vc_column][\/vc_row][vc_row][vc_column][vc_column_text css=&#8221;&#8221;] Board of Directors [\/vc_column_text][tm_spacer size=&#8221;lg:15&#8243;][vc_column_text css=&#8221;&#8221;] President Marco Paulo Salvado Neves Vice-President Jo\u00e3o Paulo Dias Miranda Member Ana Carla da Silva Seguro Areias [\/vc_column_text][\/vc_column][\/vc_row][vc_row lg_spacing=&#8221;margin_top:30;margin_bottom:30&#8243;][vc_column][tm_spacer size=&#8221;lg:45&#8243;][vc_separator style=&#8221;dashed&#8221;][\/vc_column][\/vc_row][vc_row lg_spacing=&#8221;margin_top:30;margin_bottom:30&#8243;][vc_column][vc_column_text] Supervisory Board [\/vc_column_text][tm_spacer size=&#8221;lg:15&#8243;][vc_column_text] President Ana Sofia Ferreira Pires da Silva Member Ant\u00f3nio Henrique Gomes de Almeida Member Santos Carvalho &amp; Associados SROC, SA represented by Andr\u00e9 Miguel Andrade e Silva Junqueira Mendon\u00e7a Alternate Jos\u00e9 Ant\u00f3nio Fraga de Sousa [\/vc_column_text][\/vc_column][\/vc_row][vc_row lg_spacing=&#8221;margin_top:30;margin_bottom:30&#8243;][vc_column][tm_spacer size=&#8221;lg:45&#8243;][vc_separator style=&#8221;dashed&#8221;][\/vc_column][\/vc_row][vc_row][vc_column][vc_column_text] Statutory Auditor [\/vc_column_text][tm_spacer size=&#8221;lg:20&#8243;][vc_column_text css=&#8221;&#8221;] Sitting Ant\u00f3nio Monteiro de Magalh\u00e3es (ROC N.\u00ba 179), on behalf of audit firm Ant\u00f3nio Magalh\u00e3es e Carlos Santos, SROC (SROC N.\u00ba 53) [\/vc_column_text][tm_spacer size=&#8221;lg:20&#8243;][vc_column_text] Alternate Guy Alberto Fernandes de Po\u00e7as Falc\u00e3o (ROC N.\u00ba 148), on behalf of audit firm \u00c1lvaro Falc\u00e3o e Associados, SROC (SROC N.\u00ba 62) [\/vc_column_text][tm_spacer size=&#8221;lg:45&#8243;][\/vc_column][\/vc_row][vc_row lg_spacing=&#8221;margin_top:30;margin_bottom:30&#8243;][vc_column][vc_separator align=&#8221;align_left&#8221; style=&#8221;dashed&#8221; el_width=&#8221;30&#8243; css=&#8221;&#8221;][tm_spacer size=&#8221;lg:20&#8243;][vc_column_text css=&#8221;&#8221;]Remuneration and other benefits of the Members of the Governing Bodies Document with the remuneration earned by the members of the GB in 2024 and the list of benefits contained in the minutes of the AGM, here.[\/vc_column_text][\/vc_column][\/vc_row]<\/p>\n","protected":false},"author":2,"featured_media":0,"parent":5864,"menu_order":82,"comment_status":"closed","ping_status":"closed","template":"","meta":{"_acf_changed":false,"footnotes":""},"class_list":["post-5892","page","type-page","status-publish","hentry"],"acf":[],"aioseo_notices":[],"_links":{"self":[{"href":"https:\/\/www.portugalventures.pt\/en\/wp-json\/wp\/v2\/pages\/5892","targetHints":{"allow":["GET"]}}],"collection":[{"href":"https:\/\/www.portugalventures.pt\/en\/wp-json\/wp\/v2\/pages"}],"about":[{"href":"https:\/\/www.portugalventures.pt\/en\/wp-json\/wp\/v2\/types\/page"}],"author":[{"embeddable":true,"href":"https:\/\/www.portugalventures.pt\/en\/wp-json\/wp\/v2\/users\/2"}],"replies":[{"embeddable":true,"href":"https:\/\/www.portugalventures.pt\/en\/wp-json\/wp\/v2\/comments?post=5892"}],"version-history":[{"count":10,"href":"https:\/\/www.portugalventures.pt\/en\/wp-json\/wp\/v2\/pages\/5892\/revisions"}],"predecessor-version":[{"id":17405,"href":"https:\/\/www.portugalventures.pt\/en\/wp-json\/wp\/v2\/pages\/5892\/revisions\/17405"}],"up":[{"embeddable":true,"href":"https:\/\/www.portugalventures.pt\/en\/wp-json\/wp\/v2\/pages\/5864"}],"wp:attachment":[{"href":"https:\/\/www.portugalventures.pt\/en\/wp-json\/wp\/v2\/media?parent=5892"}],"curies":[{"name":"wp","href":"https:\/\/api.w.org\/{rel}","templated":true}]}}