{"id":6528,"date":"2019-03-15T10:51:10","date_gmt":"2019-03-15T10:51:10","guid":{"rendered":"https:\/\/www.portugalventures.pt\/about-us\/contactos\/"},"modified":"2023-03-20T10:52:37","modified_gmt":"2023-03-20T09:52:37","slug":"contact-us","status":"publish","type":"page","link":"https:\/\/www.portugalventures.pt\/en\/about-us\/contact-us\/","title":{"rendered":"Contact Us"},"content":{"rendered":"<div class=\"wpb-content-wrapper\"><p>[vc_row][vc_column][vc_column_text]<\/p>\n<p style=\"text-align: left;\">For more information fill out the form below.<br \/>\nFor general subjects send an e-mail to:\u00a0<a class=\"\" href=\"mailto:contact@portugalventures.pt\" target=\"_blank\" rel=\"noopener noreferrer\" data-auth=\"NotApplicable\">contact@portugalventures.pt<\/a><br \/>\nFor subjects about the submissions send an e-mail to: <a href=\"mailto:submissions@portugalventures.pt\">submissions@portugalventures.pt<\/a><br \/>\nThank you<\/p>\n<p>[\/vc_column_text][\/vc_column][\/vc_row][vc_row][vc_column]<script type=\"text\/javascript\">\n\/* <![CDATA[ *\/\nvar gform;gform||(document.addEventListener(\"gform_main_scripts_loaded\",function(){gform.scriptsLoaded=!0}),document.addEventListener(\"gform\/theme\/scripts_loaded\",function(){gform.themeScriptsLoaded=!0}),window.addEventListener(\"DOMContentLoaded\",function(){gform.domLoaded=!0}),gform={domLoaded:!1,scriptsLoaded:!1,themeScriptsLoaded:!1,isFormEditor:()=>\"function\"==typeof InitializeEditor,callIfLoaded:function(o){return!(!gform.domLoaded||!gform.scriptsLoaded||!gform.themeScriptsLoaded&&!gform.isFormEditor()||(gform.isFormEditor()&&console.warn(\"The use of gform.initializeOnLoaded() is deprecated in the form editor context and will be removed in Gravity Forms 3.1.\"),o(),0))},initializeOnLoaded:function(o){gform.callIfLoaded(o)||(document.addEventListener(\"gform_main_scripts_loaded\",()=>{gform.scriptsLoaded=!0,gform.callIfLoaded(o)}),document.addEventListener(\"gform\/theme\/scripts_loaded\",()=>{gform.themeScriptsLoaded=!0,gform.callIfLoaded(o)}),window.addEventListener(\"DOMContentLoaded\",()=>{gform.domLoaded=!0,gform.callIfLoaded(o)}))},hooks:{action:{},filter:{}},addAction:function(o,r,e,t){gform.addHook(\"action\",o,r,e,t)},addFilter:function(o,r,e,t){gform.addHook(\"filter\",o,r,e,t)},doAction:function(o){gform.doHook(\"action\",o,arguments)},applyFilters:function(o){return gform.doHook(\"filter\",o,arguments)},removeAction:function(o,r){gform.removeHook(\"action\",o,r)},removeFilter:function(o,r,e){gform.removeHook(\"filter\",o,r,e)},addHook:function(o,r,e,t,n){null==gform.hooks[o][r]&&(gform.hooks[o][r]=[]);var d=gform.hooks[o][r];null==n&&(n=r+\"_\"+d.length),gform.hooks[o][r].push({tag:n,callable:e,priority:t=null==t?10:t})},doHook:function(r,o,e){var t;if(e=Array.prototype.slice.call(e,1),null!=gform.hooks[r][o]&&((o=gform.hooks[r][o]).sort(function(o,r){return o.priority-r.priority}),o.forEach(function(o){\"function\"!=typeof(t=o.callable)&&(t=window[t]),\"action\"==r?t.apply(null,e):e[0]=t.apply(null,e)})),\"filter\"==r)return e[0]},removeHook:function(o,r,t,n){var e;null!=gform.hooks[o][r]&&(e=(e=gform.hooks[o][r]).filter(function(o,r,e){return!!(null!=n&&n!=o.tag||null!=t&&t!=o.priority)}),gform.hooks[o][r]=e)}});\n\/* ]]> *\/\n<\/script>\n\n                <div class='gf_browser_gecko gform_wrapper gform_legacy_markup_wrapper gform-theme--no-framework' data-form-theme='legacy' data-form-index='0' id='gform_wrapper_2' ><div id='gf_2' class='gform_anchor' tabindex='-1'><\/div><form method='post' enctype='multipart\/form-data' target='gform_ajax_frame_2' id='gform_2'  action='\/en\/wp-json\/wp\/v2\/pages\/6528#gf_2' data-formid='2' novalidate>\n                        <div class='gform-body gform_body'><ul id='gform_fields_2' class='gform_fields top_label form_sublabel_below description_below validation_below'><li id=\"field_2_1\" class=\"gfield gfield--type-text input-half gfield_contains_required field_sublabel_below gfield--no-description field_description_below hidden_label field_validation_below gfield_visibility_visible\"  ><label class='gfield_label gform-field-label' for='input_2_1'>Primeiro Nome<span class=\"gfield_required\"><span class=\"gfield_required gfield_required_asterisk\">*<\/span><\/span><\/label><div class='ginput_container ginput_container_text'><input name='input_1' id='input_2_1' type='text' value='' class='medium'    placeholder='Primeiro Nome' aria-required=\"true\" aria-invalid=\"false\"   \/><\/div><\/li><li id=\"field_2_2\" class=\"gfield gfield--type-text input-half gfield_contains_required field_sublabel_below gfield--no-description field_description_below hidden_label field_validation_below gfield_visibility_visible\"  ><label class='gfield_label gform-field-label' for='input_2_2'>Apelido<span class=\"gfield_required\"><span class=\"gfield_required gfield_required_asterisk\">*<\/span><\/span><\/label><div class='ginput_container ginput_container_text'><input name='input_2' id='input_2_2' type='text' value='' class='medium'    placeholder='Apelido' aria-required=\"true\" aria-invalid=\"false\"   \/><\/div><\/li><li id=\"field_2_4\" class=\"gfield gfield--type-email input-half gfield_contains_required field_sublabel_below gfield--no-description field_description_below hidden_label field_validation_below gfield_visibility_visible\"  ><label class='gfield_label gform-field-label' for='input_2_4'>Email de Contacto<span class=\"gfield_required\"><span class=\"gfield_required gfield_required_asterisk\">*<\/span><\/span><\/label><div class='ginput_container ginput_container_email'>\n                            <input name='input_4' id='input_2_4' type='email' value='' class='medium'   placeholder='Email de Contacto' aria-required=\"true\" aria-invalid=\"false\"  \/>\n                        <\/div><\/li><li id=\"field_2_3\" class=\"gfield gfield--type-text input-full gfield_contains_required field_sublabel_below gfield--no-description field_description_below hidden_label field_validation_below gfield_visibility_visible\"  ><label class='gfield_label gform-field-label' for='input_2_3'>Assunto<span class=\"gfield_required\"><span class=\"gfield_required gfield_required_asterisk\">*<\/span><\/span><\/label><div class='ginput_container ginput_container_text'><input name='input_3' id='input_2_3' type='text' value='' class='medium'    placeholder='Assunto' aria-required=\"true\" aria-invalid=\"false\"   \/><\/div><\/li><li id=\"field_2_5\" class=\"gfield gfield--type-textarea input-full gfield_contains_required field_sublabel_below gfield--no-description field_description_below hidden_label field_validation_below gfield_visibility_visible\"  ><label class='gfield_label gform-field-label' for='input_2_5'>Mensagem<span class=\"gfield_required\"><span class=\"gfield_required gfield_required_asterisk\">*<\/span><\/span><\/label><div class='ginput_container ginput_container_textarea'><textarea name='input_5' id='input_2_5' class='textarea medium'    placeholder='Mensagem' aria-required=\"true\" aria-invalid=\"false\"   rows='10' cols='50'><\/textarea><\/div><\/li><li id=\"field_2_13\" class=\"gfield gfield--type-html policy-field gfield_html gfield_no_follows_desc field_sublabel_below gfield--no-description field_description_below field_validation_below gfield_visibility_visible\"  >Your personal data will be treated in accordance with our <a href=\"https:\/\/www.portugalventures.pt\/en\/privacy-policy\/\" target=\"_blank\">Privacy Policy<\/a>.<\/li><li id=\"field_2_14\" class=\"gfield gfield--type-mailchimp newsletter-field field_sublabel_below gfield--no-description field_description_below field_validation_below gfield_visibility_visible\"  ><div class='ginput_container ginput_container_checkbox'><ul class='gfield_checkbox' id='input_2_14'><li class='gchoice_2_14'>\n                        <input name='input_14' type='checkbox' value='1'  id='choice_2_14'   \/>\n                        <label for='choice_2_14' id='label_2_14'>Desejo igualmente receber newsletters, alertas e comunica\u00e7\u00f5es peri\u00f3dicas da Portugal Ventures.<\/label>\n                    <\/li><\/ul><\/div><\/li><\/ul><\/div>\n        <div class='gform-footer gform_footer top_label'> <input type='submit' id='gform_submit_button_2' class='gform_button button' onclick='gform.submission.handleButtonClick(this);' data-submission-type='submit' value='Enviar'  \/> <input type='hidden' name='gform_ajax' value='form_id=2&amp;title=&amp;description=&amp;tabindex=0&amp;theme=legacy&amp;styles=[]&amp;hash=ef95ff3f36a65b106a809359abe7de3b' \/>\n            <input type='hidden' class='gform_hidden' name='gform_submission_method' data-js='gform_submission_method_2' value='iframe' \/>\n            <input type='hidden' class='gform_hidden' name='gform_theme' data-js='gform_theme_2' id='gform_theme_2' value='legacy' \/>\n            <input type='hidden' class='gform_hidden' name='gform_style_settings' data-js='gform_style_settings_2' id='gform_style_settings_2' value='[]' \/>\n            <input type='hidden' class='gform_hidden' name='is_submit_2' value='1' \/>\n            <input type='hidden' class='gform_hidden' name='gform_submit' value='2' \/>\n            \n            <input type='hidden' class='gform_hidden' name='gform_unique_id' value='' \/>\n            <input type='hidden' class='gform_hidden' name='state_2' value='WyJbXSIsIjBlODgzYTg5NmVhZDgwZWVhM2NlOGI2MDM2YTZhYzBiIl0=' \/>\n            <input type='hidden' autocomplete='off' class='gform_hidden' name='gform_target_page_number_2' id='gform_target_page_number_2' value='0' \/>\n            <input type='hidden' autocomplete='off' class='gform_hidden' name='gform_source_page_number_2' id='gform_source_page_number_2' value='1' \/>\n            <input type='hidden' name='gform_field_values' value='' \/>\n            \n        <\/div>\n                        <p style=\"display: none !important;\" class=\"akismet-fields-container\" data-prefix=\"ak_\"><label>&#916;<textarea name=\"ak_hp_textarea\" cols=\"45\" rows=\"8\" maxlength=\"100\"><\/textarea><\/label><input type=\"hidden\" id=\"ak_js_1\" name=\"ak_js\" value=\"59\"\/><script>document.getElementById( \"ak_js_1\" ).setAttribute( \"value\", ( new Date() ).getTime() );<\/script><\/p><\/form>\n                        <\/div>\n\t\t                <iframe style='display:none;width:0px;height:0px;' src='about:blank' name='gform_ajax_frame_2' id='gform_ajax_frame_2' title='This iframe contains the logic required to handle Ajax powered Gravity Forms.'><\/iframe>\n\t\t                <script type=\"text\/javascript\">\n\/* <![CDATA[ *\/\n gform.initializeOnLoaded( function() {gformInitSpinner( 2, 'https:\/\/www.portugalventures.pt\/wp-content\/plugins\/gravityforms\/images\/spinner.svg', true );jQuery('#gform_ajax_frame_2').on('load',function(){var contents = jQuery(this).contents().find('*').html();var is_postback = contents.indexOf('GF_AJAX_POSTBACK') >= 0;if(!is_postback){return;}var form_content = jQuery(this).contents().find('#gform_wrapper_2');var is_confirmation = jQuery(this).contents().find('#gform_confirmation_wrapper_2').length > 0;var is_redirect = contents.indexOf('gformRedirect(){') >= 0;var is_form = form_content.length > 0 && ! is_redirect && ! is_confirmation;var mt = parseInt(jQuery('html').css('margin-top'), 10) + parseInt(jQuery('body').css('margin-top'), 10) + 100;if(is_form){jQuery('#gform_wrapper_2').html(form_content.html());if(form_content.hasClass('gform_validation_error')){jQuery('#gform_wrapper_2').addClass('gform_validation_error');} else {jQuery('#gform_wrapper_2').removeClass('gform_validation_error');}setTimeout( function() { \/* delay the scroll by 50 milliseconds to fix a bug in chrome *\/ jQuery(document).scrollTop(jQuery('#gform_wrapper_2').offset().top - mt); }, 50 );if(window['gformInitDatepicker']) {gformInitDatepicker();}if(window['gformInitPriceFields']) {gformInitPriceFields();}var current_page = jQuery('#gform_source_page_number_2').val();gformInitSpinner( 2, 'https:\/\/www.portugalventures.pt\/wp-content\/plugins\/gravityforms\/images\/spinner.svg', true );jQuery(document).trigger('gform_page_loaded', [2, current_page]);window['gf_submitting_2'] = false;}else if(!is_redirect){var confirmation_content = jQuery(this).contents().find('.GF_AJAX_POSTBACK').html();if(!confirmation_content){confirmation_content = contents;}jQuery('#gform_wrapper_2').replaceWith(confirmation_content);jQuery(document).scrollTop(jQuery('#gf_2').offset().top - mt);jQuery(document).trigger('gform_confirmation_loaded', [2]);window['gf_submitting_2'] = false;wp.a11y.speak(jQuery('#gform_confirmation_message_2').text());}else{jQuery('#gform_2').append(contents);if(window['gformRedirect']) {gformRedirect();}}jQuery(document).trigger(\"gform_pre_post_render\", [{ formId: \"2\", currentPage: \"current_page\", abort: function() { this.preventDefault(); } }]);                if (event && event.defaultPrevented) {                return;         }        const gformWrapperDiv = document.getElementById( \"gform_wrapper_2\" );        if ( gformWrapperDiv ) {            const visibilitySpan = document.createElement( \"span\" );            visibilitySpan.id = \"gform_visibility_test_2\";            gformWrapperDiv.insertAdjacentElement( \"afterend\", visibilitySpan );        }        const visibilityTestDiv = document.getElementById( \"gform_visibility_test_2\" );        let postRenderFired = false;                function triggerPostRender() {            if ( postRenderFired ) {                return;            }            postRenderFired = true;            gform.core.triggerPostRenderEvents( 2, current_page );            if ( visibilityTestDiv ) {                visibilityTestDiv.parentNode.removeChild( visibilityTestDiv );            }        }        function debounce( func, wait, immediate ) {            var timeout;            return function() {                var context = this, args = arguments;                var later = function() {                    timeout = null;                    if ( !immediate ) func.apply( context, args );                };                var callNow = immediate && !timeout;                clearTimeout( timeout );                timeout = setTimeout( later, wait );                if ( callNow ) func.apply( context, args );            };        }        const debouncedTriggerPostRender = debounce( function() {            triggerPostRender();        }, 200 );        if ( visibilityTestDiv && visibilityTestDiv.offsetParent === null ) {            const observer = new MutationObserver( ( mutations ) => {                mutations.forEach( ( mutation ) => {                    if ( mutation.type === 'attributes' && visibilityTestDiv.offsetParent !== null ) {                        debouncedTriggerPostRender();                        observer.disconnect();                    }                });            });            observer.observe( document.body, {                attributes: true,                childList: false,                subtree: true,                attributeFilter: [ 'style', 'class' ],            });        } else {            triggerPostRender();        }    } );} ); \n\/* ]]> *\/\n<\/script>\n[\/vc_column][\/vc_row][vc_row][vc_column width=&#8221;1\/2&#8243;][tm_spacer size=&#8221;lg:73&#8243;][tm_heading custom_google_font=&#8221;&#8221; text=&#8221;Porto Office &#8211; Headquarters&#8221; font_size=&#8221;lg:30&#8243;][tm_spacer size=&#8221;lg:27&#8243;][tm_list list_style=&#8221;icon-03&#8243; columns=&#8221;xs:1;lg:1&#8243; items=&#8221;%5B%7B%22item_title%22%3A%22Tel%3A%22%2C%22item_sub_title%22%3A%22(%2B351)%20934%20528%20200%20(Call%20to%20mobile%20number)%22%2C%22link%22%3A%22url%3Atel%253A351226165390%7C%7C%7C%22%2C%22icon%22%3A%22ion-android-map%22%7D%2C%7B%22item_title%22%3A%22Email%22%2C%22item_sub_title%22%3A%22contact%40portugalventures.pt%22%2C%22link%22%3A%22url%3Amailto%253Acontact%2540portugalventures.pt%7C%7C%7C%22%2C%22icon%22%3A%22ion-android-mail%22%7D%2C%7B%22item_title%22%3A%22Address%22%2C%22item_sub_title%22%3A%22Av.%20Dr.%20Antunes%20Guimar%C3%A3es%2C%20103%204100-079%2C%20Porto%2C%20Portugal%22%2C%22link%22%3A%22%7C%7C%7C%22%2C%22icon%22%3A%22ion-ios-telephone%22%7D%5D&#8221;][\/vc_column][vc_column width=&#8221;1\/2&#8243;][tm_spacer size=&#8221;lg:73&#8243;][tm_heading custom_google_font=&#8221;&#8221; text=&#8221;Lisbon office&#8221; font_size=&#8221;lg:30&#8243;][tm_spacer size=&#8221;lg:27&#8243;][tm_list list_style=&#8221;icon-03&#8243; columns=&#8221;xs:1;lg:1&#8243; items=&#8221;%5B%7B%22item_title%22%3A%22Tel%3A%22%2C%22item_sub_title%22%3A%22(%2B351)%20211%20589%20100%20(Call%20to%20national%20fixed%20number)%22%2C%22link%22%3A%22url%3Atel%253A351211589100%7C%7C%7C%22%2C%22icon%22%3A%22ion-android-map%22%7D%2C%7B%22item_title%22%3A%22Email%22%2C%22item_sub_title%22%3A%22contact%40portugalventures.pt%22%2C%22link%22%3A%22url%3Amailto%253Acontact%2540portugalventures.pt%7C%7C%7C%22%2C%22icon%22%3A%22ion-android-mail%22%7D%2C%7B%22item_title%22%3A%22Address%22%2C%22item_sub_title%22%3A%22Rua%20Ivone%20Silva%2C%206%2C%2012%C2%BA%201050-124%2C%20Lisboa%20%2C%20Portugal%22%2C%22link%22%3A%22%7C%7C%7C%22%2C%22icon%22%3A%22ion-ios-telephone%22%7D%5D&#8221;][\/vc_column][\/vc_row]<\/p>\n<\/div>","protected":false},"excerpt":{"rendered":"<p>[vc_row][vc_column][vc_column_text] For more information fill out the form below. For general subjects send an e-mail to:\u00a0contact@portugalventures.pt For subjects about the submissions send an e-mail to: submissions@portugalventures.pt Thank you [\/vc_column_text][\/vc_column][\/vc_row][vc_row][vc_column][\/vc_column][\/vc_row][vc_row][vc_column width=&#8221;1\/2&#8243;][tm_spacer size=&#8221;lg:73&#8243;][tm_heading custom_google_font=&#8221;&#8221; text=&#8221;Porto Office &#8211; Headquarters&#8221; font_size=&#8221;lg:30&#8243;][tm_spacer size=&#8221;lg:27&#8243;][tm_list list_style=&#8221;icon-03&#8243; columns=&#8221;xs:1;lg:1&#8243; items=&#8221;%5B%7B%22item_title%22%3A%22Tel%3A%22%2C%22item_sub_title%22%3A%22(%2B351)%20934%20528%20200%20(Call%20to%20mobile%20number)%22%2C%22link%22%3A%22url%3Atel%253A351226165390%7C%7C%7C%22%2C%22icon%22%3A%22ion-android-map%22%7D%2C%7B%22item_title%22%3A%22Email%22%2C%22item_sub_title%22%3A%22contact%40portugalventures.pt%22%2C%22link%22%3A%22url%3Amailto%253Acontact%2540portugalventures.pt%7C%7C%7C%22%2C%22icon%22%3A%22ion-android-mail%22%7D%2C%7B%22item_title%22%3A%22Address%22%2C%22item_sub_title%22%3A%22Av.%20Dr.%20Antunes%20Guimar%C3%A3es%2C%20103%204100-079%2C%20Porto%2C%20Portugal%22%2C%22link%22%3A%22%7C%7C%7C%22%2C%22icon%22%3A%22ion-ios-telephone%22%7D%5D&#8221;][\/vc_column][vc_column width=&#8221;1\/2&#8243;][tm_spacer size=&#8221;lg:73&#8243;][tm_heading custom_google_font=&#8221;&#8221; text=&#8221;Lisbon office&#8221; font_size=&#8221;lg:30&#8243;][tm_spacer size=&#8221;lg:27&#8243;][tm_list list_style=&#8221;icon-03&#8243; columns=&#8221;xs:1;lg:1&#8243; items=&#8221;%5B%7B%22item_title%22%3A%22Tel%3A%22%2C%22item_sub_title%22%3A%22(%2B351)%20211%20589%20100%20(Call%20to%20national%20fixed%20number)%22%2C%22link%22%3A%22url%3Atel%253A351211589100%7C%7C%7C%22%2C%22icon%22%3A%22ion-android-map%22%7D%2C%7B%22item_title%22%3A%22Email%22%2C%22item_sub_title%22%3A%22contact%40portugalventures.pt%22%2C%22link%22%3A%22url%3Amailto%253Acontact%2540portugalventures.pt%7C%7C%7C%22%2C%22icon%22%3A%22ion-android-mail%22%7D%2C%7B%22item_title%22%3A%22Address%22%2C%22item_sub_title%22%3A%22Rua%20Ivone%20Silva%2C%206%2C%2012%C2%BA%201050-124%2C%20Lisboa%20%2C%20Portugal%22%2C%22link%22%3A%22%7C%7C%7C%22%2C%22icon%22%3A%22ion-ios-telephone%22%7D%5D&#8221;][\/vc_column][\/vc_row]<\/p>\n","protected":false},"author":3,"featured_media":0,"parent":5864,"menu_order":86,"comment_status":"closed","ping_status":"closed","template":"","meta":{"_acf_changed":false,"footnotes":""},"class_list":["post-6528","page","type-page","status-publish","hentry"],"acf":[],"aioseo_notices":[],"_links":{"self":[{"href":"https:\/\/www.portugalventures.pt\/en\/wp-json\/wp\/v2\/pages\/6528","targetHints":{"allow":["GET"]}}],"collection":[{"href":"https:\/\/www.portugalventures.pt\/en\/wp-json\/wp\/v2\/pages"}],"about":[{"href":"https:\/\/www.portugalventures.pt\/en\/wp-json\/wp\/v2\/types\/page"}],"author":[{"embeddable":true,"href":"https:\/\/www.portugalventures.pt\/en\/wp-json\/wp\/v2\/users\/3"}],"replies":[{"embeddable":true,"href":"https:\/\/www.portugalventures.pt\/en\/wp-json\/wp\/v2\/comments?post=6528"}],"version-history":[{"count":0,"href":"https:\/\/www.portugalventures.pt\/en\/wp-json\/wp\/v2\/pages\/6528\/revisions"}],"up":[{"embeddable":true,"href":"https:\/\/www.portugalventures.pt\/en\/wp-json\/wp\/v2\/pages\/5864"}],"wp:attachment":[{"href":"https:\/\/www.portugalventures.pt\/en\/wp-json\/wp\/v2\/media?parent=6528"}],"curies":[{"name":"wp","href":"https:\/\/api.w.org\/{rel}","templated":true}]}}